{"id":595,"date":"2024-08-14T22:34:51","date_gmt":"2024-08-14T20:34:51","guid":{"rendered":"https:\/\/www.ekivock.ch\/v2\/?page_id=595"},"modified":"2025-10-13T22:42:12","modified_gmt":"2025-10-13T20:42:12","slug":"a-propos-de-nous","status":"publish","type":"page","link":"https:\/\/www.ekivock.ch\/v2\/a-propos-de-nous","title":{"rendered":"\u00c0 propos de nous"},"content":{"rendered":"\n<div class=\"wp-block-group alignfull has-background-color has-custom-logo-inverted-transparency-gradient-background has-text-color has-background has-link-color wp-elements-6a387d99350fe5071676b1a01aedf513 has-global-padding is-layout-constrained wp-container-core-group-is-layout-36e01d25 wp-block-group-is-layout-constrained\" style=\"padding-top:var(--wp--preset--spacing--medium);padding-right:var(--wp--preset--spacing--x-small);padding-bottom:var(--wp--preset--spacing--medium);padding-left:var(--wp--preset--spacing--x-small)\">\n<div class=\"wp-block-group alignwide is-layout-flow wp-block-group-is-layout-flow\">\n<div class=\"wp-block-columns is-layout-flex wp-container-core-columns-is-layout-28f84493 wp-block-columns-is-layout-flex\">\n<div class=\"wp-block-column is-layout-flow wp-block-column-is-layout-flow\">\n<h2 class=\"wp-block-heading has-text-align-left has-background-color has-text-color has-link-color has-x-large-font-size wp-elements-56aa3860de1e5e7f33de52f90832fe7b\" style=\"padding-top:var(--wp--preset--spacing--xx-small);padding-bottom:var(--wp--preset--spacing--xx-small)\">\u00c0 propos de nous<\/h2>\n<\/div>\n<\/div>\n<\/div>\n<\/div>\n\n\n\n<div class=\"wp-block-group alignfull has-background-background-color has-background has-global-padding is-layout-constrained wp-block-group-is-layout-constrained\" style=\"margin-top:0px;margin-bottom:0px;padding-top:0;padding-bottom:0\">\n<div class=\"wp-block-group alignwide is-layout-flow wp-block-group-is-layout-flow\" style=\"padding-bottom:0\">\n<div class=\"wp-block-columns is-layout-flex wp-container-core-columns-is-layout-28f84493 wp-block-columns-is-layout-flex\">\n<div class=\"wp-block-column is-layout-flow wp-block-column-is-layout-flow\">\n<div style=\"height:42px\" aria-hidden=\"true\" class=\"wp-block-spacer\"><\/div>\n\n\n\n<h2 class=\"wp-block-heading has-x-large-font-size\" style=\"margin-top:0;margin-bottom:0;padding-top:0;padding-bottom:0\"><strong>Ekivock<\/strong><\/h2>\n<\/div>\n<\/div>\n<\/div>\n<\/div>\n\n\n\n<div class=\"wp-block-group alignfull has-transparent-background-color has-background has-global-padding is-layout-constrained wp-container-core-group-is-layout-be5e3681 wp-block-group-is-layout-constrained\" style=\"margin-top:0px;margin-bottom:0px;padding-top:var(--wp--preset--spacing--x-small);padding-right:var(--wp--preset--spacing--x-small);padding-bottom:var(--wp--preset--spacing--x-small);padding-left:var(--wp--preset--spacing--x-small)\">\n<div class=\"wp-block-group alignwide is-layout-flow wp-block-group-is-layout-flow\" style=\"padding-bottom:0\">\n<div class=\"wp-block-columns is-layout-flex wp-container-core-columns-is-layout-28f84493 wp-block-columns-is-layout-flex\">\n<div class=\"wp-block-column has-tertiary-background-color has-background is-layout-flow wp-block-column-is-layout-flow\">\n<p class=\"has-transparent-background-color has-background\" style=\"padding-top:var(--wp--preset--spacing--large);padding-right:var(--wp--preset--spacing--large);padding-bottom:var(--wp--preset--spacing--large);padding-left:var(--wp--preset--spacing--large)\">Ekivock a officiellement \u00e9t\u00e9 cr\u00e9e*e le 16 octobre 2020. L\u2019id\u00e9e de cr\u00e9er cette association est survenue apr\u00e8s une rencontre entre personnes non-binaires \u00e0 Lausanne, organis\u00e9e par Mael Chatellard (1\u00e8re personne \u00e0 la pr\u00e9sidence d\u2019Ekivock).<br><br>En effet, en juin 2020, il a eu envie d\u2019offrir un espace de rencontre et d\u2019\u00e9change pour les personnes non-binaires.<br><br>Alors, via les r\u00e9seaux sociaux, Mael a propos\u00e9 cette r\u00e9union \u00e0 fin ao\u00fbt 2020 \u00e0 Lausanne, vers la place de Milan. 11 personnes avaient r\u00e9pondu pr\u00e9sent. Apr\u00e8s un apr\u00e8s-midi tr\u00e8s sympa et prolong\u00e9 par un repas avec quelques personnes suppl\u00e9mentaires, il a rapidement r\u00e9alis\u00e9 qu\u2019il y avait r\u00e9element une demande de la population non-binaire.<br><br>Mael a alors continu\u00e9 sur sa lanc\u00e9e et a organis\u00e9 une r\u00e9union pour parler du futur d\u2019Ekivock. 5 personnes s\u2019y sont rendues et une personne int\u00e9ress\u00e9e s\u2019\u00e9tait excus\u00e9e. Toutes les personnes ont \u00e9t\u00e9 d\u2019accord de faire \u00e9voluer Ekivock en une association officielle. Apr\u00e8s quelques r\u00e9union, les status ont \u00e9t\u00e9 d\u00e9velopp\u00e9s et la premi\u00e8re assembl\u00e9e g\u00e9n\u00e9rale a \u00e9t\u00e9 organis\u00e9e. Lors de celle-ci, les premier*e*s membres du comit\u00e9 ont \u00e9t\u00e9 nomm\u00e9*e*s et les status sign\u00e9s. Ekivock \u00e9t\u00e9 n\u00e9*e!<br><br>Depuis le d\u00e9but, Ekivock a la volont\u00e9 de travailler avec les autres associations, car les personnes non-binaires sont dans toutes les associations queers. Et nous continuons \u00e0 le faire dans ce sens.<br><br>Rapidement Ekivock a demand\u00e9 \u00e0 TGNS de modifier leur status pour y inclure la non-binarit\u00e9. En effet, cette association travaillait d\u00e9j\u00e0 pour les personnes non-binaires mais cela ne ressortait pas dans ses status. Et jusqu\u2019\u00e0 ce que TGNS le fasse, ann\u00e9e apr\u00e8s ann\u00e9e, Ekivock a renouvel\u00e9 cette demande.<br><br>Depuis sa cr\u00e9ation, Ekivock a pu donner une information-formation \u00e0 de nombreuses personnes ou associations et continues \u00e0 offrir cette information sur la non-binarit\u00e9. Elle a \u00e9t\u00e9 inclue dans le groupe de travail pour une meilleure inclusion des personnes non-binaires en Suisse trait\u00e9 par le DFJP. Elle collabore avec les autres associations pour une meilleur connaissance et inclusion de la non-binarit\u00e9.<br><br>Notre association a aussi cr\u00e9er un jeu, qui s\u2019appelle \u201cBon chic bon genre\u201d, type jeu de l\u2019oie qui informe sur la non-binarit\u00e9 et la transidentit\u00e9. Il n\u2019est pas en vente \u00e0 ce jour, le comit\u00e9 souhaitant qu\u2019il soit anim\u00e9 par une personne qui peut donner de la profondeur aux r\u00e9ponses.<br><br>Depuis sa cr\u00e9ation, nous avons cr\u00e9er un groupe de parole qui est depuis devenu un groupe de rencontre mensuel.<br><br>D\u2019autres projets sont en cours et nous travaillons \u00e0 continuer \u00e0 faire conna\u00eetre et comprendre la non-binarit\u00e9 dans la soci\u00e9t\u00e9.<\/p>\n<\/div>\n<\/div>\n<\/div>\n<\/div>\n\n\n\n<div class=\"wp-block-group alignfull has-background-background-color has-background has-global-padding is-layout-constrained wp-block-group-is-layout-constrained\" style=\"margin-top:0px;margin-bottom:0px;padding-top:var(--wp--preset--spacing--large);padding-bottom:var(--wp--preset--spacing--large)\">\n<div class=\"wp-block-group alignwide is-layout-flow wp-block-group-is-layout-flow\" style=\"padding-top:var(--wp--preset--spacing--xx-small);padding-bottom:0\">\n<div class=\"wp-block-columns are-vertically-aligned-bottom is-layout-flex wp-container-core-columns-is-layout-28f84493 wp-block-columns-is-layout-flex\">\n<div class=\"wp-block-column is-vertically-aligned-bottom is-layout-flow wp-block-column-is-layout-flow\">\n<h2 class=\"wp-block-heading has-x-large-font-size\" style=\"margin-top:0rem;margin-bottom:0\"><strong>Le comit\u00e9 d&rsquo;Ekivock<\/strong><\/h2>\n<\/div>\n<\/div>\n<\/div>\n\n\n\n<div class=\"wp-block-group alignwide has-transparent-background-color has-background is-layout-flow wp-block-group-is-layout-flow\" style=\"padding-top:0;padding-right:0;padding-bottom:0;padding-left:0\">\n<div class=\"wp-block-columns is-layout-flex wp-container-core-columns-is-layout-f619a8c7 wp-block-columns-is-layout-flex\">\n<div class=\"wp-block-column is-layout-flow wp-block-column-is-layout-flow\">\n<div class=\"wp-block-group has-tertiary-background-color has-background has-global-padding is-content-justification-center is-layout-constrained wp-container-core-group-is-layout-c5dc7c3a wp-block-group-is-layout-constrained\" style=\"border-radius:0px;min-height:100%;margin-top:var(--wp--preset--spacing--xx-small);margin-bottom:var(--wp--preset--spacing--xx-small);padding-top:var(--wp--preset--spacing--small);padding-right:var(--wp--preset--spacing--xx-small);padding-bottom:var(--wp--preset--spacing--small);padding-left:var(--wp--preset--spacing--xx-small)\">\n<p class=\"has-text-align-center has-black-color has-text-color has-link-color wp-elements-d6183271989ddfcae898111b832e4481\" style=\"margin-top:var(--wp--preset--spacing--xx-small);margin-bottom:var(--wp--preset--spacing--xx-small);padding-top:0;padding-bottom:0\"><strong><strong>Pr\u00e9sidence<\/strong><\/strong><\/p>\n\n\n\n<figure class=\"wp-block-image aligncenter size-thumbnail is-style-rounded\" style=\"margin-top:var(--wp--preset--spacing--x-small);margin-right:var(--wp--preset--spacing--x-small);margin-bottom:var(--wp--preset--spacing--x-small);margin-left:var(--wp--preset--spacing--x-small)\"><img loading=\"lazy\" decoding=\"async\" width=\"150\" height=\"150\" src=\"https:\/\/www.ekivock.ch\/v2\/wp-content\/uploads\/2025\/10\/raphaelle-150x150.jpeg\" alt=\"\" class=\"wp-image-1894\" srcset=\"https:\/\/www.ekivock.ch\/v2\/wp-content\/uploads\/2025\/10\/raphaelle-150x150.jpeg 150w, https:\/\/www.ekivock.ch\/v2\/wp-content\/uploads\/2025\/10\/raphaelle-300x300.jpeg 300w, https:\/\/www.ekivock.ch\/v2\/wp-content\/uploads\/2025\/10\/raphaelle-1024x1024.jpeg 1024w, https:\/\/www.ekivock.ch\/v2\/wp-content\/uploads\/2025\/10\/raphaelle-768x768.jpeg 768w, https:\/\/www.ekivock.ch\/v2\/wp-content\/uploads\/2025\/10\/raphaelle-1536x1536.jpeg 1536w, https:\/\/www.ekivock.ch\/v2\/wp-content\/uploads\/2025\/10\/raphaelle-2048x2048.jpeg 2048w\" sizes=\"auto, (max-width: 150px) 100vw, 150px\" \/><\/figure>\n\n\n\n<h2 class=\"wp-block-heading has-text-align-center has-black-color has-text-color has-link-color has-large-font-size wp-elements-2a67de36c05f8babf3d0edbedeb89767\" style=\"margin-top:0;margin-bottom:0;padding-top:0;padding-bottom:0\"><strong>Rapha\u00eblle<\/strong> Guglielmetti<\/h2>\n\n\n\n<p class=\"has-text-align-center has-black-color has-text-color has-link-color wp-elements-afdf843ed213868c0621118e26f7e02d\" style=\"margin-top:0;margin-bottom:0;padding-top:0;padding-bottom:0\">elle \/ iel, accords f\u00e9minins \/ neutres<\/p>\n<\/div>\n<\/div>\n\n\n\n<div class=\"wp-block-column is-layout-flow wp-block-column-is-layout-flow\">\n<div class=\"wp-block-group has-tertiary-background-color has-background has-global-padding is-content-justification-center is-layout-constrained wp-container-core-group-is-layout-c5dc7c3a wp-block-group-is-layout-constrained\" style=\"border-radius:0px;min-height:100%;margin-top:var(--wp--preset--spacing--xx-small);margin-bottom:var(--wp--preset--spacing--xx-small);padding-top:var(--wp--preset--spacing--small);padding-right:var(--wp--preset--spacing--xx-small);padding-bottom:var(--wp--preset--spacing--small);padding-left:var(--wp--preset--spacing--xx-small)\">\n<p class=\"has-text-align-center\" style=\"margin-top:var(--wp--preset--spacing--xx-small);margin-bottom:var(--wp--preset--spacing--xx-small);padding-top:0;padding-bottom:0\"><strong>R\u00e9seaux sociaux et graphisme<\/strong><\/p>\n\n\n\n<figure class=\"wp-block-image aligncenter size-thumbnail is-style-rounded\" style=\"margin-top:var(--wp--preset--spacing--x-small);margin-right:var(--wp--preset--spacing--x-small);margin-bottom:var(--wp--preset--spacing--x-small);margin-left:var(--wp--preset--spacing--x-small)\"><img loading=\"lazy\" decoding=\"async\" width=\"150\" height=\"150\" src=\"https:\/\/www.ekivock.ch\/v2\/wp-content\/uploads\/2025\/10\/liam-150x150.jpeg\" alt=\"\" class=\"wp-image-1896\" srcset=\"https:\/\/www.ekivock.ch\/v2\/wp-content\/uploads\/2025\/10\/liam-150x150.jpeg 150w, https:\/\/www.ekivock.ch\/v2\/wp-content\/uploads\/2025\/10\/liam-300x300.jpeg 300w, https:\/\/www.ekivock.ch\/v2\/wp-content\/uploads\/2025\/10\/liam-1024x1024.jpeg 1024w, https:\/\/www.ekivock.ch\/v2\/wp-content\/uploads\/2025\/10\/liam-768x768.jpeg 768w, https:\/\/www.ekivock.ch\/v2\/wp-content\/uploads\/2025\/10\/liam-1536x1536.jpeg 1536w, https:\/\/www.ekivock.ch\/v2\/wp-content\/uploads\/2025\/10\/liam-2048x2048.jpeg 2048w\" sizes=\"auto, (max-width: 150px) 100vw, 150px\" \/><\/figure>\n\n\n\n<h2 class=\"wp-block-heading has-text-align-center has-large-font-size\" style=\"margin-top:0;margin-bottom:0;padding-top:0;padding-bottom:0\"><strong>Liam<\/strong> Attivissimo<\/h2>\n\n\n\n<p class=\"has-text-align-center\" style=\"margin-top:0;margin-bottom:0;padding-top:0;padding-bottom:0\">il \/ iel, accords masculins<\/p>\n<\/div>\n<\/div>\n\n\n\n<div class=\"wp-block-column is-layout-flow wp-block-column-is-layout-flow\">\n<div class=\"wp-block-group has-tertiary-background-color has-background has-global-padding is-content-justification-center is-layout-constrained wp-container-core-group-is-layout-c5dc7c3a wp-block-group-is-layout-constrained\" style=\"border-radius:0px;min-height:100%;margin-top:var(--wp--preset--spacing--xx-small);margin-bottom:var(--wp--preset--spacing--xx-small);padding-top:var(--wp--preset--spacing--small);padding-right:var(--wp--preset--spacing--xx-small);padding-bottom:var(--wp--preset--spacing--small);padding-left:var(--wp--preset--spacing--xx-small)\">\n<p class=\"has-text-align-center\" style=\"margin-top:var(--wp--preset--spacing--xx-small);margin-bottom:var(--wp--preset--spacing--xx-small);padding-top:0;padding-bottom:0\"><strong>Tr\u00e9sorerie<\/strong><\/p>\n\n\n\n<figure class=\"wp-block-image aligncenter size-thumbnail is-style-rounded\" style=\"margin-top:var(--wp--preset--spacing--x-small);margin-right:var(--wp--preset--spacing--x-small);margin-bottom:var(--wp--preset--spacing--x-small);margin-left:var(--wp--preset--spacing--x-small)\"><img loading=\"lazy\" decoding=\"async\" width=\"150\" height=\"150\" src=\"https:\/\/www.ekivock.ch\/v2\/wp-content\/uploads\/2025\/10\/wren-150x150.jpeg\" alt=\"\" class=\"wp-image-1897\" srcset=\"https:\/\/www.ekivock.ch\/v2\/wp-content\/uploads\/2025\/10\/wren-150x150.jpeg 150w, https:\/\/www.ekivock.ch\/v2\/wp-content\/uploads\/2025\/10\/wren-300x300.jpeg 300w, https:\/\/www.ekivock.ch\/v2\/wp-content\/uploads\/2025\/10\/wren-1024x1024.jpeg 1024w, https:\/\/www.ekivock.ch\/v2\/wp-content\/uploads\/2025\/10\/wren-768x768.jpeg 768w, https:\/\/www.ekivock.ch\/v2\/wp-content\/uploads\/2025\/10\/wren-1536x1536.jpeg 1536w, https:\/\/www.ekivock.ch\/v2\/wp-content\/uploads\/2025\/10\/wren-2048x2048.jpeg 2048w\" sizes=\"auto, (max-width: 150px) 100vw, 150px\" \/><\/figure>\n\n\n\n<h2 class=\"wp-block-heading has-text-align-center has-large-font-size\" style=\"margin-top:0;margin-bottom:0;padding-top:0;padding-bottom:0\"><strong>Wren<\/strong> Yersin<\/h2>\n\n\n\n<p class=\"has-text-align-center\" style=\"margin-top:0;margin-bottom:0;padding-top:0;padding-bottom:0\">iel, accords masculins<\/p>\n<\/div>\n<\/div>\n<\/div>\n<\/div>\n\n\n\n<div class=\"wp-block-group alignwide has-transparent-background-color has-background is-layout-flow wp-block-group-is-layout-flow\" style=\"padding-top:var(--wp--preset--spacing--xx-small);padding-right:0;padding-bottom:var(--wp--preset--spacing--xx-small);padding-left:0\">\n<div class=\"wp-block-columns is-layout-flex wp-container-core-columns-is-layout-f619a8c7 wp-block-columns-is-layout-flex\">\n<div class=\"wp-block-column is-layout-flow wp-block-column-is-layout-flow\">\n<div class=\"wp-block-group has-tertiary-background-color has-background has-global-padding is-content-justification-center is-layout-constrained wp-container-core-group-is-layout-c5dc7c3a wp-block-group-is-layout-constrained\" style=\"border-radius:0px;min-height:100%;margin-top:var(--wp--preset--spacing--xx-small);margin-bottom:var(--wp--preset--spacing--xx-small);padding-top:var(--wp--preset--spacing--small);padding-right:var(--wp--preset--spacing--xx-small);padding-bottom:var(--wp--preset--spacing--small);padding-left:var(--wp--preset--spacing--xx-small)\">\n<p class=\"has-text-align-center\" style=\"margin-top:var(--wp--preset--spacing--xx-small);margin-bottom:var(--wp--preset--spacing--xx-small);padding-top:0;padding-bottom:0\"><strong>D\u00e9veloppement web<\/strong><\/p>\n\n\n\n<figure class=\"wp-block-image aligncenter size-thumbnail is-style-rounded\" style=\"margin-top:var(--wp--preset--spacing--x-small);margin-right:var(--wp--preset--spacing--x-small);margin-bottom:var(--wp--preset--spacing--x-small);margin-left:var(--wp--preset--spacing--x-small)\"><img loading=\"lazy\" decoding=\"async\" width=\"150\" height=\"150\" src=\"https:\/\/www.ekivock.ch\/v2\/wp-content\/uploads\/2025\/10\/lee-f-150x150.png\" alt=\"\" class=\"wp-image-1924\"\/><\/figure>\n\n\n\n<h2 class=\"wp-block-heading has-text-align-center has-large-font-size\" style=\"margin-top:0;margin-bottom:0;padding-top:0;padding-bottom:0\">Lee Felizio<\/h2>\n\n\n\n<p class=\"has-text-align-center\" style=\"margin-top:0;margin-bottom:0;padding-top:0;padding-bottom:0\">il \/ iel &#8211; accords masculins \/ neutres<\/p>\n<\/div>\n<\/div>\n\n\n\n<div class=\"wp-block-column is-layout-flow wp-block-column-is-layout-flow\"><\/div>\n\n\n\n<div class=\"wp-block-column is-layout-flow wp-block-column-is-layout-flow\"><\/div>\n<\/div>\n<\/div>\n<\/div>\n","protected":false},"excerpt":{"rendered":"<p>\u00c0 propos de nous Ekivock Ekivock a officiellement \u00e9t\u00e9 cr\u00e9e*e le 16 octobre 2020. L\u2019id\u00e9e de cr\u00e9er cette association est survenue apr\u00e8s une rencontre entre personnes non-binaires \u00e0 Lausanne, organis\u00e9e par Mael Chatellard (1\u00e8re personne \u00e0 la pr\u00e9sidence d\u2019Ekivock). En effet, en juin 2020, il a eu envie d\u2019offrir un espace de rencontre et d\u2019\u00e9change [&hellip;]<\/p>\n","protected":false},"author":1,"featured_media":0,"parent":0,"menu_order":0,"comment_status":"closed","ping_status":"closed","template":"","meta":{"wpupg_custom_link":[],"wpupg_custom_link_behaviour":[],"wpupg_custom_link_nofollow":[],"wpupg_custom_image":[],"wpupg_custom_image_id":[],"footnotes":""},"class_list":["post-595","page","type-page","status-publish","hentry"],"_links":{"self":[{"href":"https:\/\/www.ekivock.ch\/v2\/wp-json\/wp\/v2\/pages\/595","targetHints":{"allow":["GET"]}}],"collection":[{"href":"https:\/\/www.ekivock.ch\/v2\/wp-json\/wp\/v2\/pages"}],"about":[{"href":"https:\/\/www.ekivock.ch\/v2\/wp-json\/wp\/v2\/types\/page"}],"author":[{"embeddable":true,"href":"https:\/\/www.ekivock.ch\/v2\/wp-json\/wp\/v2\/users\/1"}],"replies":[{"embeddable":true,"href":"https:\/\/www.ekivock.ch\/v2\/wp-json\/wp\/v2\/comments?post=595"}],"version-history":[{"count":118,"href":"https:\/\/www.ekivock.ch\/v2\/wp-json\/wp\/v2\/pages\/595\/revisions"}],"predecessor-version":[{"id":1946,"href":"https:\/\/www.ekivock.ch\/v2\/wp-json\/wp\/v2\/pages\/595\/revisions\/1946"}],"wp:attachment":[{"href":"https:\/\/www.ekivock.ch\/v2\/wp-json\/wp\/v2\/media?parent=595"}],"curies":[{"name":"wp","href":"https:\/\/api.w.org\/{rel}","templated":true}]}}